{"id":141,"date":"2009-09-18T08:38:40","date_gmt":"2009-09-18T06:38:40","guid":{"rendered":"http:\/\/www.MartimdosReis.de\/?page_id=141"},"modified":"2009-09-18T08:40:16","modified_gmt":"2009-09-18T06:40:16","slug":"impressum","status":"publish","type":"page","link":"https:\/\/www.MartimdosReis.de\/?page_id=141","title":{"rendered":"Impressum"},"content":{"rendered":"<div>\n<p><span class=\"drop\">I<\/span>MPRESSUM<\/p>\n<p>Martim dos Reis<br \/>\nM\u00f6llner Str. 24<br \/>\n22964 Steinburg<\/p>\n<p>E-Mail: martim (at) martimdosreis.de<\/p>\n<p>Inhaltlich Verantwortlicher gem \u00a7 10 Absatz 3 MDStV: Martim dos Reis (Anschrift wie oben)<\/p>\n<p>Haftungshinweis: Trotz sorgf\u00e4ltiger inhaltlicher Kontrolle bernehmen wir keine Haftung f\u00fcr die Inhalte externer Links. F\u00fcr den Inhalt der verlinkten Seiten sind ausschlie\u00dflich deren Betreiber verantwortlich.<\/p><\/div>\n","protected":false},"excerpt":{"rendered":"<p><span class=\"drop\">I<\/span>MPRESSUM Martim dos Reis M\u00f6llner Str. 24 22964 Steinburg E-Mail: martim (at) martimdosreis.de Inhaltlich Verantwortlicher gem \u00a7 10 Absatz 3 MDStV: Martim dos Reis (Anschrift wie oben) Haftungshinweis: Trotz sorgf\u00e4ltiger inhaltlicher Kontrolle bernehmen wir keine Haftung f\u00fcr die Inhalte externer Links. F\u00fcr den Inhalt der verlinkten Seiten sind ausschlie\u00dflich deren Betreiber verantwortlich.<\/p>\n","protected":false},"author":1,"featured_media":0,"parent":0,"menu_order":0,"comment_status":"open","ping_status":"closed","template":"","meta":[],"_links":{"self":[{"href":"https:\/\/www.MartimdosReis.de\/index.php?rest_route=\/wp\/v2\/pages\/141"}],"collection":[{"href":"https:\/\/www.MartimdosReis.de\/index.php?rest_route=\/wp\/v2\/pages"}],"about":[{"href":"https:\/\/www.MartimdosReis.de\/index.php?rest_route=\/wp\/v2\/types\/page"}],"author":[{"embeddable":true,"href":"https:\/\/www.MartimdosReis.de\/index.php?rest_route=\/wp\/v2\/users\/1"}],"replies":[{"embeddable":true,"href":"https:\/\/www.MartimdosReis.de\/index.php?rest_route=%2Fwp%2Fv2%2Fcomments&post=141"}],"version-history":[{"count":3,"href":"https:\/\/www.MartimdosReis.de\/index.php?rest_route=\/wp\/v2\/pages\/141\/revisions"}],"predecessor-version":[{"id":143,"href":"https:\/\/www.MartimdosReis.de\/index.php?rest_route=\/wp\/v2\/pages\/141\/revisions\/143"}],"wp:attachment":[{"href":"https:\/\/www.MartimdosReis.de\/index.php?rest_route=%2Fwp%2Fv2%2Fmedia&parent=141"}],"curies":[{"name":"wp","href":"https:\/\/api.w.org\/{rel}","templated":true}]}}